{"id":26,"date":"2024-08-29T08:58:02","date_gmt":"2024-08-29T08:58:02","guid":{"rendered":"https:\/\/geotoursguides.com\/?page_id=26"},"modified":"2024-08-30T21:53:25","modified_gmt":"2024-08-30T21:53:25","slug":"slovenia","status":"publish","type":"page","link":"https:\/\/geotoursguides.com\/fr\/geopaths\/slovenia\/","title":{"rendered":"Slov\u00e9nie"},"content":{"rendered":"<div data-wp-interactive=\"core\/file\" class=\"wp-block-file\"><object data-wp-bind--hidden=\"!state.hasPdfPreview\" hidden class=\"wp-block-file__embed\" data=\"https:\/\/geotoursguides.com\/wp-content\/uploads\/2024\/08\/SEZANA-TO-SKOCJAN-CYCLING-LOOP-FR.pptx.pdf\" type=\"application\/pdf\" style=\"width:100%;height:600px\" aria-label=\"Contenu embarqu\u00e9 SE\u017dANA TO \u0160KOCJAN CYCLING LOOP FR.pptx.\"><\/object><a id=\"wp-block-file--media-1f43c576-528c-40f4-8250-0f3a63336e34\" href=\"https:\/\/geotoursguides.com\/wp-content\/uploads\/2024\/08\/SEZANA-TO-SKOCJAN-CYCLING-LOOP-FR.pptx.pdf\">VOIE CYCLISTE DE SE\u017dANA \u00c0 \u0160KOCJAN FR.pptx<\/a><a href=\"https:\/\/geotoursguides.com\/wp-content\/uploads\/2024\/08\/SEZANA-TO-SKOCJAN-CYCLING-LOOP-FR.pptx.pdf\" class=\"wp-block-file__button wp-element-button\" download aria-describedby=\"wp-block-file--media-1f43c576-528c-40f4-8250-0f3a63336e34\">T\u00e9l\u00e9charger<\/a><\/div>\n\n\n\n<div data-wp-interactive=\"core\/file\" class=\"wp-block-file\"><object data-wp-bind--hidden=\"!state.hasPdfPreview\" hidden class=\"wp-block-file__embed\" data=\"https:\/\/geotoursguides.com\/wp-content\/uploads\/2024\/08\/SLOVENIA-ITA-pdf-1.pdf\" type=\"application\/pdf\" style=\"width:100%;height:600px\" aria-label=\"Contenu embarqu\u00e9 SLOVENIA ITA pdf (1).\"><\/object><a id=\"wp-block-file--media-ef430c5b-27e5-4489-93ca-19a04bcea0f5\" href=\"https:\/\/geotoursguides.com\/wp-content\/uploads\/2024\/08\/SLOVENIA-ITA-pdf-1.pdf\">SLOV\u00c9NIE ITA pdf (1)<\/a><a href=\"https:\/\/geotoursguides.com\/wp-content\/uploads\/2024\/08\/SLOVENIA-ITA-pdf-1.pdf\" class=\"wp-block-file__button wp-element-button\" download aria-describedby=\"wp-block-file--media-ef430c5b-27e5-4489-93ca-19a04bcea0f5\">T\u00e9l\u00e9charger<\/a><\/div>\n\n\n\n<div data-wp-interactive=\"core\/file\" class=\"wp-block-file\"><object data-wp-bind--hidden=\"!state.hasPdfPreview\" hidden class=\"wp-block-file__embed\" data=\"https:\/\/geotoursguides.com\/wp-content\/uploads\/2024\/08\/SLOVENIA-ITA-pdf-2.pdf\" type=\"application\/pdf\" style=\"width:100%;height:600px\" aria-label=\"Contenu embarqu\u00e9 SLOVENIA ITA pdf (2).\"><\/object><a id=\"wp-block-file--media-017cc0b3-d593-45a5-8ba8-e977fcb9612b\" href=\"https:\/\/geotoursguides.com\/wp-content\/uploads\/2024\/08\/SLOVENIA-ITA-pdf-2.pdf\">SLOV\u00c9NIE ITA pdf (2)<\/a><a href=\"https:\/\/geotoursguides.com\/wp-content\/uploads\/2024\/08\/SLOVENIA-ITA-pdf-2.pdf\" class=\"wp-block-file__button wp-element-button\" download aria-describedby=\"wp-block-file--media-017cc0b3-d593-45a5-8ba8-e977fcb9612b\">T\u00e9l\u00e9charger<\/a><\/div>\n\n\n\n<div data-wp-interactive=\"core\/file\" class=\"wp-block-file\"><object data-wp-bind--hidden=\"!state.hasPdfPreview\" hidden class=\"wp-block-file__embed\" data=\"https:\/\/geotoursguides.com\/wp-content\/uploads\/2024\/08\/Geopath-Slovenia-SLOVENE.pdf\" type=\"application\/pdf\" style=\"width:100%;height:600px\" aria-label=\"Contenu embarqu\u00e9 Geopath Slovenia - SLOVENE.\"><\/object><a id=\"wp-block-file--media-0f4a9b26-622c-4b6f-862b-acd6180c146c\" href=\"https:\/\/geotoursguides.com\/wp-content\/uploads\/2024\/08\/Geopath-Slovenia-SLOVENE.pdf\">G\u00e9opathe Slov\u00e9nie - SLOVENE<\/a><a href=\"https:\/\/geotoursguides.com\/wp-content\/uploads\/2024\/08\/Geopath-Slovenia-SLOVENE.pdf\" class=\"wp-block-file__button wp-element-button\" download aria-describedby=\"wp-block-file--media-0f4a9b26-622c-4b6f-862b-acd6180c146c\">T\u00e9l\u00e9charger<\/a><\/div>\n\n\n\n<div data-wp-interactive=\"core\/file\" class=\"wp-block-file\"><object data-wp-bind--hidden=\"!state.hasPdfPreview\" hidden class=\"wp-block-file__embed\" data=\"https:\/\/geotoursguides.com\/wp-content\/uploads\/2024\/08\/PL-SEZANA-TO-SKOCJAN-CYCLING-LOOP.pptx.pdf\" type=\"application\/pdf\" style=\"width:100%;height:600px\" aria-label=\"Contenu embarqu\u00e9 PL SE\u017dANA TO \u0160KOCJAN CYCLING LOOP.pptx.\"><\/object><a id=\"wp-block-file--media-21950d3f-ae6d-482c-afa0-1949356c517d\" href=\"https:\/\/geotoursguides.com\/wp-content\/uploads\/2024\/08\/PL-SEZANA-TO-SKOCJAN-CYCLING-LOOP.pptx.pdf\">PL SE\u017dANA TO \u0160KOCJAN CYCLING LOOP.pptx<\/a><a href=\"https:\/\/geotoursguides.com\/wp-content\/uploads\/2024\/08\/PL-SEZANA-TO-SKOCJAN-CYCLING-LOOP.pptx.pdf\" class=\"wp-block-file__button wp-element-button\" download aria-describedby=\"wp-block-file--media-21950d3f-ae6d-482c-afa0-1949356c517d\">T\u00e9l\u00e9charger<\/a><\/div>\n\n\n\n<div data-wp-interactive=\"core\/file\" class=\"wp-block-file\"><object data-wp-bind--hidden=\"!state.hasPdfPreview\" hidden class=\"wp-block-file__embed\" data=\"https:\/\/geotoursguides.com\/wp-content\/uploads\/2024\/08\/SEZANA-TO-SKOCJAN-CYCLING-LOOP-GR.pptx.pdf\" type=\"application\/pdf\" style=\"width:100%;height:600px\" aria-label=\"Contenu embarqu\u00e9 SE\u017dANA TO \u0160KOCJAN CYCLING LOOP - GR.pptx.\"><\/object><a id=\"wp-block-file--media-dd2cf25d-d182-43f8-8e3e-42f4c34c0872\" href=\"https:\/\/geotoursguides.com\/wp-content\/uploads\/2024\/08\/SEZANA-TO-SKOCJAN-CYCLING-LOOP-GR.pptx.pdf\">VOIE CYCLISTE DE SE\u017dANA \u00c0 \u0160KOCJAN - GR.pptx<\/a><a href=\"https:\/\/geotoursguides.com\/wp-content\/uploads\/2024\/08\/SEZANA-TO-SKOCJAN-CYCLING-LOOP-GR.pptx.pdf\" class=\"wp-block-file__button wp-element-button\" download aria-describedby=\"wp-block-file--media-dd2cf25d-d182-43f8-8e3e-42f4c34c0872\">T\u00e9l\u00e9charger<\/a><\/div>\n\n\n\n\n\n<div data-wp-interactive=\"core\/file\" class=\"wp-block-file\"><object data-wp-bind--hidden=\"!state.hasPdfPreview\" hidden class=\"wp-block-file__embed\" data=\"https:\/\/geotoursguides.com\/wp-content\/uploads\/2024\/08\/PL-SEZANA-TO-SKOCJAN-CYCLING-LOOP.pptx-1.pdf\" type=\"application\/pdf\" style=\"width:100%;height:600px\" aria-label=\"Contenu embarqu\u00e9 PL SE\u017dANA TO \u0160KOCJAN CYCLING LOOP.pptx (1).\"><\/object><a id=\"wp-block-file--media-3fc394d2-8e59-43e1-a4ae-9c69bdd73fa5\" href=\"https:\/\/geotoursguides.com\/wp-content\/uploads\/2024\/08\/PL-SEZANA-TO-SKOCJAN-CYCLING-LOOP.pptx-1.pdf\">PL SE\u017dANA TO \u0160KOCJAN CYCLING LOOP.pptx (1)<\/a><a href=\"https:\/\/geotoursguides.com\/wp-content\/uploads\/2024\/08\/PL-SEZANA-TO-SKOCJAN-CYCLING-LOOP.pptx-1.pdf\" class=\"wp-block-file__button wp-element-button\" download aria-describedby=\"wp-block-file--media-3fc394d2-8e59-43e1-a4ae-9c69bdd73fa5\">T\u00e9l\u00e9charger<\/a><\/div>\n\n\n\n<div data-wp-interactive=\"core\/file\" class=\"wp-block-file\"><object data-wp-bind--hidden=\"!state.hasPdfPreview\" hidden class=\"wp-block-file__embed\" data=\"https:\/\/geotoursguides.com\/wp-content\/uploads\/2024\/08\/PL-SEZANA-TO-SKOCJAN-CYCLING-LOOP.pptx-2.pdf\" type=\"application\/pdf\" style=\"width:100%;height:600px\" aria-label=\"Contenu embarqu\u00e9 PL SE\u017dANA TO \u0160KOCJAN CYCLING LOOP.pptx (2).\"><\/object><a id=\"wp-block-file--media-74de4b94-b911-43ef-bbfa-49b94497ab29\" href=\"https:\/\/geotoursguides.com\/wp-content\/uploads\/2024\/08\/PL-SEZANA-TO-SKOCJAN-CYCLING-LOOP.pptx-2.pdf\">PL SE\u017dANA TO \u0160KOCJAN CYCLING LOOP.pptx (2)<\/a><a href=\"https:\/\/geotoursguides.com\/wp-content\/uploads\/2024\/08\/PL-SEZANA-TO-SKOCJAN-CYCLING-LOOP.pptx-2.pdf\" class=\"wp-block-file__button wp-element-button\" download aria-describedby=\"wp-block-file--media-74de4b94-b911-43ef-bbfa-49b94497ab29\">T\u00e9l\u00e9charger<\/a><\/div>","protected":false},"excerpt":{"rendered":"","protected":false},"author":1,"featured_media":0,"parent":22,"menu_order":0,"comment_status":"closed","ping_status":"closed","template":"","meta":{"footnotes":""},"class_list":["post-26","page","type-page","status-publish"],"_links":{"self":[{"href":"https:\/\/geotoursguides.com\/fr\/wp-json\/wp\/v2\/pages\/26","targetHints":{"allow":["GET"]}}],"collection":[{"href":"https:\/\/geotoursguides.com\/fr\/wp-json\/wp\/v2\/pages"}],"about":[{"href":"https:\/\/geotoursguides.com\/fr\/wp-json\/wp\/v2\/types\/page"}],"author":[{"embeddable":true,"href":"https:\/\/geotoursguides.com\/fr\/wp-json\/wp\/v2\/users\/1"}],"replies":[{"embeddable":true,"href":"https:\/\/geotoursguides.com\/fr\/wp-json\/wp\/v2\/comments?post=26"}],"version-history":[{"count":9,"href":"https:\/\/geotoursguides.com\/fr\/wp-json\/wp\/v2\/pages\/26\/revisions"}],"predecessor-version":[{"id":339,"href":"https:\/\/geotoursguides.com\/fr\/wp-json\/wp\/v2\/pages\/26\/revisions\/339"}],"up":[{"embeddable":true,"href":"https:\/\/geotoursguides.com\/fr\/wp-json\/wp\/v2\/pages\/22"}],"wp:attachment":[{"href":"https:\/\/geotoursguides.com\/fr\/wp-json\/wp\/v2\/media?parent=26"}],"curies":[{"name":"wp","href":"https:\/\/api.w.org\/{rel}","templated":true}]}}