{"id":32,"date":"2024-08-29T09:03:07","date_gmt":"2024-08-29T09:03:07","guid":{"rendered":"https:\/\/geotoursguides.com\/?page_id=32"},"modified":"2024-09-07T14:15:58","modified_gmt":"2024-09-07T14:15:58","slug":"about-us","status":"publish","type":"page","link":"https:\/\/geotoursguides.com\/sl\/about-us\/","title":{"rendered":"O nas"},"content":{"rendered":"<p><strong>Vodi\u010di GeoTours<\/strong>&nbsp;projekt bo neposredno obravnaval vse tri opredeljene prednostne naloge.<br>- Obravnava digitalne preobrazbe z razvojem digitalne pripravljenosti, odpornosti in zmogljivosti<br>Projekt neposredno obravnava to posebno prednostno nalogo, saj je njegov cilj skupaj razviti nov kombinirani paket usposabljanja, ki bo na voljo na platformi za e-u\u010denje in bo razvijal digitalne zmogljivosti turisti\u010dnih vodnikov, \u0161tudentov turisti\u010dnih vodnikov in turisti\u010dnih agencij, ki \u017eelijo pridobiti strokovno znanje o geoturizmu in razviti blagovno znamko svojih geoturizmov. Prispeval bo k preoblikovanju digitalnega usposabljanja in podpori mo\u017enosti vse\u017eivljenjskega u\u010denja za turisti\u010dne vodnike in agente vseh starosti.<br>Na podlagi tega bo projekt turisti\u010dnim vodnikom in agentom ponudil osnovna digitalna znanja in spretnosti ter ve\u0161\u010dine digitalnega znam\u010denja, ki temeljijo na nekaterih podro\u010djih okvira EU za digitalne kompetence 2.0, tj. razvoju digitalnih vsebin in varnosti.<\/p>\n\n\n\n<p><\/p>\n\n\n\n<figure class=\"wp-block-image size-full\"><a href=\"https:\/\/www.esce.fr\/en\/\"><img loading=\"lazy\" decoding=\"async\" width=\"301\" height=\"167\" src=\"https:\/\/geotoursguides.com\/wp-content\/uploads\/2024\/09\/telechargement-3.png\" alt=\"\" class=\"wp-image-469\" srcset=\"https:\/\/geotoursguides.com\/wp-content\/uploads\/2024\/09\/telechargement-3.png 301w, https:\/\/geotoursguides.com\/wp-content\/uploads\/2024\/09\/telechargement-3-18x10.png 18w\" sizes=\"auto, (max-width: 301px) 100vw, 301px\" \/><\/a><\/figure>\n\n\n\n<figure class=\"wp-block-image size-full is-resized\"><img loading=\"lazy\" decoding=\"async\" width=\"275\" height=\"183\" src=\"https:\/\/geotoursguides.com\/wp-content\/uploads\/2024\/09\/telechargement.png\" alt=\"\" class=\"wp-image-462\" style=\"width:380px;height:auto\" srcset=\"https:\/\/geotoursguides.com\/wp-content\/uploads\/2024\/09\/telechargement.png 275w, https:\/\/geotoursguides.com\/wp-content\/uploads\/2024\/09\/telechargement-18x12.png 18w\" sizes=\"auto, (max-width: 275px) 100vw, 275px\" \/><\/figure>\n\n\n\n<figure class=\"wp-block-image size-full is-resized\"><img loading=\"lazy\" decoding=\"async\" width=\"318\" height=\"159\" src=\"https:\/\/geotoursguides.com\/wp-content\/uploads\/2024\/09\/telechargement-1.png\" alt=\"\" class=\"wp-image-465\" style=\"width:384px;height:auto\" srcset=\"https:\/\/geotoursguides.com\/wp-content\/uploads\/2024\/09\/telechargement-1.png 318w, https:\/\/geotoursguides.com\/wp-content\/uploads\/2024\/09\/telechargement-1-300x150.png 300w, https:\/\/geotoursguides.com\/wp-content\/uploads\/2024\/09\/telechargement-1-18x9.png 18w\" sizes=\"auto, (max-width: 318px) 100vw, 318px\" \/><\/figure>\n\n\n\n<p>Ustanovljeno leta 1968,&nbsp;<strong>\u00c9cole Sup\u00e9rieure du Commerce Ext\u00e9rieur (ESCE International Business School)<\/strong>&nbsp;je neprofitna zasebna visoko\u0161olska ustanova, ki se nahaja v urbanem okolju velike metropole Pariz (ve\u010d kot 5.000.000 prebivalcev), Ile-de-France. Ta institucija ima tudi podru\u017enice na naslednjih lokacijah: Lyon, London, San Francisco in \u0160anghaj. \u00c9cole Sup\u00e9rieure du Commerce Ext\u00e9rieur (ESCE), ki jo uradno priznava Minist\u00e8re de l'Enseignement sup\u00e9rieur, de la Recherche et de l'Innovation, Francija (Ministrstvo za visoko \u0161olstvo, raziskave in inovacije Francije), je majhna (razpon vpisa po uniRanku: 2.000-2.999 \u0161tudentov) koedukacijska francoska visoko\u0161olska institucija. \u00c9cole Sup\u00e9rieure du Commerce Ext\u00e9rieur (ESCE) ponuja te\u010daje in programe, ki vodijo do uradno priznanih visoko\u0161olskih nazivov, kot so magistrski nazivi na ve\u010d \u0161tudijskih podro\u010djih. Oglejte si stopnje in podro\u010dja \u0161tudija uniRank<br>za ve\u010d podrobnosti glejte spodnjo \u0161tudijsko matriko. Za vpis se lahko prijavijo tudi mednarodni kandidati. ESCE \u0161tudentom zagotavlja tudi \u0161tevilne akademske in neakademske zmogljivosti in storitve, vklju\u010dno s knji\u017enico, finan\u010dno pomo\u010djo in\/ali \u0161tipendijami, \u0161tudijskimi programi v tujini in programi izmenjav ter administrativnimi storitvami. ESCE je del skupine univerz INSEEC-U (<a href=\"http:\/\/inseec-u.com\/\" target=\"_blank\" rel=\"noreferrer noopener\">inseec-u.com<\/a>)<br>\u0160ola ponuja dodiplomske diplome, mednarodno akreditirane magistrske programe s podro\u010dja mened\u017ementa in poletne programe. Poslovna \u0161ola s sede\u017eem v Parizu je v Franciji in Evropi znana po svoji mre\u017ei podjetnikov, ki so ustanovili nekaj pomembnih francoskih zagonskih podjetij (Zenly, Simplified, Sixth June, Interactive Mobility itd.). \u0160ola izvaja magistrski \u0161tudij managementa z akreditacijo EFMD EPAS ter akreditacijo francoskega ministrstva za visoko \u0161olstvo in raziskave. Je tudi soustanoviteljica konzorcija za mednarodne dvojne diplome (CIDD).<br>ESCE je specializirana za mednarodne zadeve. \u017de dolgo je najbolj iskana \u0161ola v okviru izpitnega sistema S\u00c9SAME (znanega izpitnega sistema za poslovne \u0161ole v Franciji), katerega ustanovna \u010dlanica je bila leta 1992.<br>Znana je po dvojni diplomi z Berlin School of Economics &amp; Law in dvojni diplomi z UIBE v Pekingu.<\/p>\n\n\n\n<p><\/p>\n\n\n\n<p><\/p>\n\n\n\n<figure class=\"wp-block-image size-full is-resized\"><a href=\"https:\/\/standoutedu.com\/\"><img loading=\"lazy\" decoding=\"async\" width=\"225\" height=\"225\" src=\"https:\/\/geotoursguides.com\/wp-content\/uploads\/2024\/09\/telechargement-1-1.png\" alt=\"\" class=\"wp-image-471\" style=\"width:202px;height:auto\" srcset=\"https:\/\/geotoursguides.com\/wp-content\/uploads\/2024\/09\/telechargement-1-1.png 225w, https:\/\/geotoursguides.com\/wp-content\/uploads\/2024\/09\/telechargement-1-1-150x150.png 150w, https:\/\/geotoursguides.com\/wp-content\/uploads\/2024\/09\/telechargement-1-1-12x12.png 12w\" sizes=\"auto, (max-width: 225px) 100vw, 225px\" \/><\/a><\/figure>\n\n\n\n<p><strong>STANDO LTD (STANDOutEdu)<\/strong>&nbsp;je raziskovalna in izobra\u017eevalna organizacija s sede\u017eem na Cipru, ki se posve\u010da<br>napredek na podro\u010dju raziskav in inovacij. Hkrati smo odobren center za poklicno izobra\u017eevanje in usposabljanje, ki ga je akreditiral ciprski organ za razvoj \u010dlove\u0161kih virov. Mo\u010d na\u0161ega podjetja je predvsem v visoko usposobljeni ekipi in raz\u0161irjeni mre\u017ei mednarodnih partnerjev. STANDO LTD ima 9 zaposlenih za polni delovni \u010das, 10 za polovi\u010dni delovni \u010das in ve\u010d kot 20 prostovoljcev. Na\u0161i dinami\u010dni in izku\u0161eni akademiki, raziskovalci in praktiki so predani izvajanju obse\u017enih sofinanciranih projektov ter sodelujejo z organizacijami s Cipra in z vsega sveta. Aktivno sodelujemo pri na\u010drtovanju in izvajanju nacionalnih in mednarodnih projektov s ciljem zagotavljanja inovativnih re\u0161itev, ki omogo\u010dajo razvoj ljudi in kohezijo dru\u017eb. Od leta 2016 zagotavljamo vrsto strokovnih<br>in akademska usposabljanja v okviru programov Erasmus+ KA1 in KA2 ter te\u010daje, seminarje in svetovalne storitve za razli\u010dne ciljne skupine (otroke, \u0161tudente, mladostnike, u\u010ditelje, oblikovalce politik, star\u0161e in odrasle), u\u010dence in osebje ponudnikov poklicnega izobra\u017eevanja in usposabljanja ter centrov za odrasle.<\/p>\n\n\n\n<figure class=\"wp-block-image size-full\"><img loading=\"lazy\" decoding=\"async\" width=\"245\" height=\"206\" src=\"https:\/\/geotoursguides.com\/wp-content\/uploads\/2024\/09\/images.png\" alt=\"\" class=\"wp-image-472\" srcset=\"https:\/\/geotoursguides.com\/wp-content\/uploads\/2024\/09\/images.png 245w, https:\/\/geotoursguides.com\/wp-content\/uploads\/2024\/09\/images-14x12.png 14w\" sizes=\"auto, (max-width: 245px) 100vw, 245px\" \/><\/figure>\n\n\n\n<p><\/p>\n\n\n\n<p><\/p>\n\n\n\n<p><\/p>\n\n\n\n<p><\/p>\n\n\n\n<figure class=\"wp-block-image size-full\"><a href=\"https:\/\/www.kaczawskie.pl\/\"><img loading=\"lazy\" decoding=\"async\" width=\"225\" height=\"225\" src=\"https:\/\/geotoursguides.com\/wp-content\/uploads\/2024\/09\/telechargement-2-1.png\" alt=\"\" class=\"wp-image-474\" srcset=\"https:\/\/geotoursguides.com\/wp-content\/uploads\/2024\/09\/telechargement-2-1.png 225w, https:\/\/geotoursguides.com\/wp-content\/uploads\/2024\/09\/telechargement-2-1-150x150.png 150w, https:\/\/geotoursguides.com\/wp-content\/uploads\/2024\/09\/telechargement-2-1-12x12.png 12w\" sizes=\"auto, (max-width: 225px) 100vw, 225px\" \/><\/a><\/figure>\n\n\n\n<figure class=\"wp-block-image size-large\"><img loading=\"lazy\" decoding=\"async\" width=\"1024\" height=\"577\" src=\"https:\/\/geotoursguides.com\/wp-content\/uploads\/2024\/09\/434024164_809688497852087_3419498288667713966_n-1024x577.jpg\" alt=\"\" class=\"wp-image-476\" srcset=\"https:\/\/geotoursguides.com\/wp-content\/uploads\/2024\/09\/434024164_809688497852087_3419498288667713966_n-1024x577.jpg 1024w, https:\/\/geotoursguides.com\/wp-content\/uploads\/2024\/09\/434024164_809688497852087_3419498288667713966_n-300x169.jpg 300w, https:\/\/geotoursguides.com\/wp-content\/uploads\/2024\/09\/434024164_809688497852087_3419498288667713966_n-768x432.jpg 768w, https:\/\/geotoursguides.com\/wp-content\/uploads\/2024\/09\/434024164_809688497852087_3419498288667713966_n-1536x865.jpg 1536w, https:\/\/geotoursguides.com\/wp-content\/uploads\/2024\/09\/434024164_809688497852087_3419498288667713966_n-18x10.jpg 18w, https:\/\/geotoursguides.com\/wp-content\/uploads\/2024\/09\/434024164_809688497852087_3419498288667713966_n.jpg 2000w\" sizes=\"auto, (max-width: 1024px) 100vw, 1024px\" \/><\/figure>\n\n\n\n<p><strong>Zdru\u017eenje Kaczawskie<\/strong>&nbsp;je bila ustanovljena leta 2002 kot dru\u0161tvo med podjetji, institucijami in ljudmi za trajnostni razvoj regije Kaczawskie Mountains and Foothills v Sudetih, Spodnje\u0161lezijska regija, jugozahodna Poljska. Je neprofitna in nevladna organizacija. Ve\u010dino svojih dejavnosti financira iz zunanjih, zlasti evropskih sredstev, pa tudi iz \u0161estnajstih podpornih ob\u010din, podjetij in iz donacij \u010dlanov. Organizacija ne izvaja nobene komercialne dejavnosti, vendar za nekatere svoje storitve (vklju\u010dno z geoizobra\u017eevanjem) zara\u010dunava pristojbine, da bi ohranila svoje \u010dlove\u0161ke in tehni\u010dne vire, vendar pri tem ne ustvarja dobi\u010dka.<br>Organizacija sodeluje z lokalnimi skupnostmi za spodbujanje trajnostnega turizma in regionalnega izobra\u017eevanja. Ker je njena doma\u010da regija zaradi vidnega pojavljanja vulkanske dejavnosti v preteklosti obmo\u010dje posebnega znanstvenega in turisti\u010dnega interesa, se je odlo\u010dila, da bo \u0161tevilne ukrepe namenila za\u0161\u010diti in promociji te dedi\u0161\u010dine. Najpomembnej\u0161i projekt je prijava v Unescovo mre\u017eo globalnih geoparkov, da bi postala De\u017eela ugaslih vulkanov Unescov globalni geopark. Vloga je trenutno v obravnavi.<br>Na\u0161a organizacija zdru\u017euje \u0161tevilne strokovnjake in navdu\u0161ence nad geologijo in geografijo, da bi popularizirali znanje o regiji ter jo promovirali na nacionalni in mednarodni ravni. Izku\u0161nje na podro\u010dju geoizobra\u017eevanja je organizacija pridobila z vodenjem delavnic in ekskurzij o lokalni geologiji, geografiji in pokrajini, ve\u010dinoma namenjenih lokalnim \u0161olam in turistom, med katerimi je najve\u010d dru\u017ein z majhnimi otroki.<br>Leta 2015 je dru\u0161tvo odprlo geo-izobra\u017eevalni center v Dobkowu (vas v ob\u010dini \u015awierzawa). Z evropskimi in nacionalnimi sredstvi je kupilo tradicionalno kme\u010dko hi\u0161o in jo preoblikovalo v sodoben, interaktivni znanstveno-raziskovalni center, kjer obiskovalci spoznavajo geologijo, geografijo in kulturno krajino regije.<\/p>\n\n\n\n<figure class=\"wp-block-image size-full\"><a href=\"https:\/\/www.goodplace.si\/en\/\"><img loading=\"lazy\" decoding=\"async\" width=\"225\" height=\"225\" src=\"https:\/\/geotoursguides.com\/wp-content\/uploads\/2024\/09\/telechargement-5.png\" alt=\"\" class=\"wp-image-483\" srcset=\"https:\/\/geotoursguides.com\/wp-content\/uploads\/2024\/09\/telechargement-5.png 225w, https:\/\/geotoursguides.com\/wp-content\/uploads\/2024\/09\/telechargement-5-150x150.png 150w, https:\/\/geotoursguides.com\/wp-content\/uploads\/2024\/09\/telechargement-5-12x12.png 12w\" sizes=\"auto, (max-width: 225px) 100vw, 225px\" \/><\/a><\/figure>\n\n\n\n<p><\/p>\n\n\n\n<p><strong>Zavod Tovarna trajnostnega turizma GoodPlace,<\/strong>&nbsp;v prevodu Tovarna trajnostnega turizma, je neprofitni zavod iz Slovenije. Klju\u010dna vloga GoodPlace je ustvarjanje okolja, ki spodbuja v prihodnost usmerjeno razmi\u0161ljanje ter ponuja \u0161tevilne re\u0161itve in orodja, zakaj in kako izvajati trajnostni turizem v potovalnem sektorju v Sloveniji in na mednarodni ravni.<br>Glavna referenca GoodPlace je ve\u010dkrat nagrajena certifikacijska shema Slovenia Green, ki je bila razvita po naro\u010dilu Slovenske turisti\u010dne organizacije. Danes GoodPlace kot akreditirani partner izvaja shemo skupaj z NTO. GoodPlace upravlja tudi nacionalno zdru\u017eenje Slovenia Green, v katerega se lahko v\u010dlanijo le destinacije in turisti\u010dna podjetja s trajnostnim certifikatom. Prek tega zdru\u017eenja si GoodPlace prizadeva simulirati razvoj trajnostne turisti\u010dne ponudbe in spodbuja razvoj re\u0161itev, ki se bodo izvajale pri upravljanju trajnostnega turizma. Zeleno zdru\u017eenje Slovenije ima 49 aktivnih \u010dlanov. GoodPlace je \u010dlan Globalnega sveta za trajnostni turizem (GSTC), v katerem ima Jana Apih polo\u017eaj v delovni skupini za upravljanje destinacij, Tina Hedi Zakonj\u0161ek pa v delovni skupini za izobra\u017eevanje in usposabljanje. GoodPlace je tudi ustanovni partner Global Leaders Network in partner Green Destinations ter predstavni\u0161ki organ mednarodnih certifikacijskih programov Travelife za hotele in organizatorje potovanj ter Green Globe in LEAF za restavracije.<\/p>\n\n\n\n<p><\/p>\n\n\n\n<p><\/p>\n\n\n\n<figure class=\"wp-block-image size-large is-resized\"><a href=\"https:\/\/mediterraneanpearls.it\/\"><img loading=\"lazy\" decoding=\"async\" width=\"1024\" height=\"437\" src=\"https:\/\/geotoursguides.com\/wp-content\/uploads\/2024\/09\/logo-medpearls-1024x437.png\" alt=\"\" class=\"wp-image-487\" style=\"width:354px;height:auto\" srcset=\"https:\/\/geotoursguides.com\/wp-content\/uploads\/2024\/09\/logo-medpearls-1024x437.png 1024w, https:\/\/geotoursguides.com\/wp-content\/uploads\/2024\/09\/logo-medpearls-300x128.png 300w, https:\/\/geotoursguides.com\/wp-content\/uploads\/2024\/09\/logo-medpearls-768x327.png 768w, https:\/\/geotoursguides.com\/wp-content\/uploads\/2024\/09\/logo-medpearls-1536x655.png 1536w, https:\/\/geotoursguides.com\/wp-content\/uploads\/2024\/09\/logo-medpearls-2048x873.png 2048w, https:\/\/geotoursguides.com\/wp-content\/uploads\/2024\/09\/logo-medpearls-18x8.png 18w\" sizes=\"auto, (max-width: 1024px) 100vw, 1024px\" \/><\/a><\/figure>\n\n\n\n<p><strong>Sredozemski biseri<\/strong>&nbsp;je agencija za usklajeno upravljanje vseh elementov, ki sestavljajo destinacijo (znamenitosti, dostop, tr\u017eenje, \u010dlove\u0161ki viri, podoba in cene). Sprejema strate\u0161ki pristop, s katerim povezuje zelo razli\u010dne subjekte med seboj za bolj\u0161e upravljanje destinacije. Mediterranean Pearls, ki je bil ustvarjen na podlagi natan\u010dne \u010dezmejne dodane vrednosti, podpira razvoj podjetij in spodbuja ustanavljanje komercialnih zavezni\u0161tev za izbolj\u0161anje gospodarstva, kakovosti in ponudbe storitev do\u017eivljajskega turizma.<br>Mediterranean Pearls je bil ustanovljen z namenom promocije turisti\u010dnih destinacij v italijanskem in tujem Sredozemlju, ki se osredoto\u010dajo na trajnostni in ekolo\u0161ko skladen turizem. Mediterranean Pearls \u017eeli spodbujati ekolo\u0161ki turizem na morskih, hribovskih, re\u010dnih in jezerskih obmo\u010djih, pri \u010demer se opira predvsem na ekolo\u0161ko mobilnost.<br>Sredozemski biseri se zgledujejo po filozofiji trajnostnega turizma, ki jo promovira Alpski biseri, znano mednarodno \u010dezmejno sodelovanje s sede\u017eem v Avstriji, ki je privilegiran partner in podpora za znanje in izku\u0161nje ter najbolj\u0161e prakse.<\/p>\n\n\n\n<p><\/p>\n\n\n\n<p><\/p>\n\n\n\n<figure class=\"wp-block-image size-full\"><a href=\"https:\/\/www.isdigroup.com\/\"><img loading=\"lazy\" decoding=\"async\" width=\"218\" height=\"231\" src=\"https:\/\/geotoursguides.com\/wp-content\/uploads\/2024\/09\/telechargement-3-2.png\" alt=\"\" class=\"wp-image-479\" srcset=\"https:\/\/geotoursguides.com\/wp-content\/uploads\/2024\/09\/telechargement-3-2.png 218w, https:\/\/geotoursguides.com\/wp-content\/uploads\/2024\/09\/telechargement-3-2-11x12.png 11w\" sizes=\"auto, (max-width: 218px) 100vw, 218px\" \/><\/a><\/figure>\n\n\n\n<figure class=\"wp-block-image size-full\"><img loading=\"lazy\" decoding=\"async\" width=\"260\" height=\"194\" src=\"https:\/\/geotoursguides.com\/wp-content\/uploads\/2024\/09\/telechargement-4.png\" alt=\"\" class=\"wp-image-481\" srcset=\"https:\/\/geotoursguides.com\/wp-content\/uploads\/2024\/09\/telechargement-4.png 260w, https:\/\/geotoursguides.com\/wp-content\/uploads\/2024\/09\/telechargement-4-16x12.png 16w\" sizes=\"auto, (max-width: 260px) 100vw, 260px\" \/><\/figure>\n\n\n\n<p><strong>Skupina International Sustainable Development Initiatives (I.S.D.I) Group Ltd&nbsp;<\/strong>je multidisciplinarno svetovalno podjetje s sede\u017eem na Malti, ki ponuja \u0161irok nabor strokovnih storitev v sredozemskem bazenu in v tujini. Podjetje I.S.D.I. s pomo\u010djo svojega interdisciplinarnega uporabnega raziskovalnega dela in mre\u017ee \u010dlove\u0161kih virov prispeva k pove\u010danju zmogljivosti in pripravljenosti svojih strank na \u0161irokem podro\u010dju trajnostnega razvoja, in sicer z inovativnimi usposabljanji in re\u0161itvami na podro\u010dju trajnostnega upravljanja turisti\u010dnih destinacij s posebnim poudarkom na vplivu prekomernega turizma na obmo\u010djih kulturne in naravne dedi\u0161\u010dine. Posebna pozornost je namenjena tudi tematskim turisti\u010dnim potovanjem s ponovnim odkrivanjem po\u010dasnega kulturnega in okoljskega turizma.<br>I.S.D.I. zagotavlja celostne storitve na podro\u010dju trajnosti, ki vklju\u010dujejo dejavnosti krepitve zmogljivosti\/ozave\u0161\u010danja z organizacijo usposabljanj in delavnic na visoki ravni ter izvedbo posebne ocene dela in diagnostike ter zagotavljanje najsodobnej\u0161ih tehnolo\u0161kih re\u0161itev za trajnostno uporabo naravnih in kulturnih dobrin turisti\u010dnih destinacij.<br>Sedem delni\u010darjev je mednarodnih znanstvenikov in vodstvenih delavcev, ki imajo poklicno ozadje v multinacionalkah, medvladnih organizacijah, raziskovalnih centrih odli\u010dnosti in univerzah. Dobro so vpeljani v mednarodne znanstvene mre\u017ee, imajo dolgoletne izku\u0161nje z oblikovanjem, upravljanjem in izvajanjem lokalnih, nacionalnih in mednarodnih raziskovalnih, inovacijskih in razvojnih projektov, ve\u010dinoma povezanih s programi in skladi EU, ter z organizacijo vrhunskih dogodkov in konferenc. Skupina I.S.D.I. GROUP ponuja svetovalne storitve ter podpira razvoj in izvajanje projektov, pobud za krepitev zmogljivosti in tehni\u010dne pomo\u010di.<br>Podro\u010dje trajnostnega turizma v okviru I.S.D.I. se ukvarja z iskanjem novih prilo\u017enosti in strategij za pove\u010danje potenciala inovativnih poslovnih ekosistemov kulturnega turizma ter spodbuja krepitev zmogljivosti javnih in zasebnih zainteresiranih strani, oblikovalcev politik in zasebnih gospodarskih akterjev, da bi se u\u010dinkovito spopadli z izzivi trajnostnega turizma na obmo\u010dju Sredozemlja. I.S.D.I. lahko aktivira participativne procese z ve\u010d zainteresiranimi stranmi, ki vklju\u010dujejo klju\u010dne zainteresirane strani, povezane s turizmom, iz razli\u010dnih medsektorskih sektorjev in politi\u010dnih podro\u010dij na vseh ravneh (\u010dezmejni, nacionalni, regionalni in lokalni), ki so klju\u010dne za zagotovitev u\u010dinkovitega in vklju\u010dujo\u010dega procesa razvoja trajnostnih turisti\u010dnih strategij na obmo\u010dju Sredozemlja.<\/p>\n\n\n\n<div class=\"wp-block-file\"><a id=\"wp-block-file--media-2048da81-575d-40d0-8ca6-834465b3997b\" href=\"https:\/\/geotoursguides.com\/wp-content\/uploads\/2024\/08\/GEOTOURSGUIDES_FR.pptx\">GEOTOURSGUIDES_FR<\/a><a href=\"https:\/\/geotoursguides.com\/wp-content\/uploads\/2024\/08\/GEOTOURSGUIDES_FR.pptx\" class=\"wp-block-file__button wp-element-button\" download aria-describedby=\"wp-block-file--media-2048da81-575d-40d0-8ca6-834465b3997b\">Prenesi<\/a><\/div>\n\n\n\n<div class=\"wp-block-file\"><a id=\"wp-block-file--media-e7c31178-c9c4-44fe-9df7-49c8e2972faa\" href=\"https:\/\/geotoursguides.com\/wp-content\/uploads\/2024\/08\/GEOTOURSGUIDES_GR.pptx\">GEOTOURSGUIDES_GR<\/a><a href=\"https:\/\/geotoursguides.com\/wp-content\/uploads\/2024\/08\/GEOTOURSGUIDES_GR.pptx\" class=\"wp-block-file__button wp-element-button\" download aria-describedby=\"wp-block-file--media-e7c31178-c9c4-44fe-9df7-49c8e2972faa\">Prenesi<\/a><\/div>\n\n\n\n<div class=\"wp-block-file\"><a id=\"wp-block-file--media-d9f6b7a7-f364-476f-aa9f-76521639dcc9\" href=\"https:\/\/geotoursguides.com\/wp-content\/uploads\/2024\/08\/GEOTOURSGUIDES_IT.pptx\">GEOTOURSGUIDES_IT<\/a><a href=\"https:\/\/geotoursguides.com\/wp-content\/uploads\/2024\/08\/GEOTOURSGUIDES_IT.pptx\" class=\"wp-block-file__button wp-element-button\" download aria-describedby=\"wp-block-file--media-d9f6b7a7-f364-476f-aa9f-76521639dcc9\">Prenesi<\/a><\/div>\n\n\n\n<div class=\"wp-block-file\"><a id=\"wp-block-file--media-af0f5fa8-34e9-4b4c-a992-ab3a26a93114\" href=\"https:\/\/geotoursguides.com\/wp-content\/uploads\/2024\/08\/GEOTOURSGUIDES_ML.pptx\">GEOTOURSGUIDES_ML<\/a><a href=\"https:\/\/geotoursguides.com\/wp-content\/uploads\/2024\/08\/GEOTOURSGUIDES_ML.pptx\" class=\"wp-block-file__button wp-element-button\" download aria-describedby=\"wp-block-file--media-af0f5fa8-34e9-4b4c-a992-ab3a26a93114\">Prenesi<\/a><\/div>\n\n\n\n<div class=\"wp-block-file\"><a id=\"wp-block-file--media-cc8c933a-db7e-4e39-835c-e7d5865fbcc7\" href=\"https:\/\/geotoursguides.com\/wp-content\/uploads\/2024\/08\/GEOTOURSGUIDES_PL.pptx\">GEOTOURSGUIDES_PL<\/a><a href=\"https:\/\/geotoursguides.com\/wp-content\/uploads\/2024\/08\/GEOTOURSGUIDES_PL.pptx\" class=\"wp-block-file__button wp-element-button\" download aria-describedby=\"wp-block-file--media-cc8c933a-db7e-4e39-835c-e7d5865fbcc7\">Prenesi<\/a><\/div>\n\n\n\n<div class=\"wp-block-file\"><a id=\"wp-block-file--media-31e05123-686d-45d8-adaf-cb1a9a0201a5\" href=\"https:\/\/geotoursguides.com\/wp-content\/uploads\/2024\/08\/GEOTOURSGUIDES_SL.pptx\">GEOTOURSGUIDES_SL<\/a><a href=\"https:\/\/geotoursguides.com\/wp-content\/uploads\/2024\/08\/GEOTOURSGUIDES_SL.pptx\" class=\"wp-block-file__button wp-element-button\" download aria-describedby=\"wp-block-file--media-31e05123-686d-45d8-adaf-cb1a9a0201a5\">Prenesi<\/a><\/div>","protected":false},"excerpt":{"rendered":"<p>Projekt GeoTours Guides bo neposredno obravnaval vse tri opredeljene prednostne naloge.- Obravnavanje digitalne preobrazbe z razvojem digitalne pripravljenosti, odpornosti in ... <a title=\"O nas\" class=\"read-more\" href=\"https:\/\/geotoursguides.com\/sl\/about-us\/\" aria-label=\"Preberite ve\u010d o O nas\">Preberi ve\u010d<\/a><\/p>","protected":false},"author":1,"featured_media":0,"parent":0,"menu_order":0,"comment_status":"closed","ping_status":"closed","template":"","meta":{"footnotes":""},"class_list":["post-32","page","type-page","status-publish"],"_links":{"self":[{"href":"https:\/\/geotoursguides.com\/sl\/wp-json\/wp\/v2\/pages\/32","targetHints":{"allow":["GET"]}}],"collection":[{"href":"https:\/\/geotoursguides.com\/sl\/wp-json\/wp\/v2\/pages"}],"about":[{"href":"https:\/\/geotoursguides.com\/sl\/wp-json\/wp\/v2\/types\/page"}],"author":[{"embeddable":true,"href":"https:\/\/geotoursguides.com\/sl\/wp-json\/wp\/v2\/users\/1"}],"replies":[{"embeddable":true,"href":"https:\/\/geotoursguides.com\/sl\/wp-json\/wp\/v2\/comments?post=32"}],"version-history":[{"count":15,"href":"https:\/\/geotoursguides.com\/sl\/wp-json\/wp\/v2\/pages\/32\/revisions"}],"predecessor-version":[{"id":502,"href":"https:\/\/geotoursguides.com\/sl\/wp-json\/wp\/v2\/pages\/32\/revisions\/502"}],"wp:attachment":[{"href":"https:\/\/geotoursguides.com\/sl\/wp-json\/wp\/v2\/media?parent=32"}],"curies":[{"name":"wp","href":"https:\/\/api.w.org\/{rel}","templated":true}]}}